{"id":18099,"date":"2015-04-24T12:50:17","date_gmt":"2015-04-24T12:50:17","guid":{"rendered":"https:\/\/leplanica.com\/fr\/?page_id=18099"},"modified":"2025-10-25T13:46:26","modified_gmt":"2025-10-25T13:46:26","slug":"mentions-legales","status":"publish","type":"page","link":"https:\/\/leplanica.com\/fr\/mentions-legales\/","title":{"rendered":"Mentions l\u00e9gales"},"content":{"rendered":"<div class=\"wpb-content-wrapper\"><p>[vc_row css_animation=\u00a0\u00bb\u00a0\u00bb row_type=\u00a0\u00bbrow\u00a0\u00bb use_row_as_full_screen_section=\u00a0\u00bbno\u00a0\u00bb type=\u00a0\u00bbfull_width\u00a0\u00bb angled_section=\u00a0\u00bbno\u00a0\u00bb text_align=\u00a0\u00bbleft\u00a0\u00bb background_image_as_pattern=\u00a0\u00bbwithout_pattern\u00a0\u00bb][vc_column][vc_column_text css=\u00a0\u00bb\u00a0\u00bb]<\/p>\n<header class=\"entry-header\">\n<p class=\"entry-title\">D\u00e9nomination sociale : Nicolas Gaide<br \/>\nCoordonn\u00e9es postale : Le Planica, La Rosi\u00e8re 73700, MONTVALEZAN<br \/>\nNum\u00e9ro d\u2019immatriculation au Registre du Commerces et des Soci\u00e9t\u00e9s : 431 081 538<br \/>\nResponsable de la publication du site : Mr Nicolas Gaide<br \/>\nInformation CNIL :<br \/>\nSite d\u00e9clar\u00e9 \u00e0 la CNIL :<\/p>\n<p>Credits Photos : Roger Gaide, Sebastien Nestolat \u2013 <a href=\"http:\/\/www.propaganda73.com\/\" target=\"_blank\" rel=\"noopener\">Propaganda73.com<\/a>, OT de la Rosiere, Nicolas Gaide.<\/p>\n<p>Domaine registrar : Gandi.net | Hebergement : Propaganda73.com<\/p>\n<p>R\u00e9alisation : <a href=\"http:\/\/www.propaganda73.com\/\" target=\"_blank\" rel=\"noopener\">Propaganda73.com<\/a> \u2013 Bourg-Saint-Maurice<br \/>\nMaintenance : <a href=\"https:\/\/www.studiomaiis.net\">Pierre Basson : d\u00e9veloppeur WordPress freelance en Savoie<\/a><\/p>\n<h1 class=\"entry-title\"><\/h1>\n<\/header>\n<div class=\"entry-content content\"><\/div>\n<p>[\/vc_column_text][\/vc_column][\/vc_row]<\/p>\n<\/div>","protected":false},"excerpt":{"rendered":"<p>[vc_row css_animation=\u00a0\u00bb\u00a0\u00bb row_type=\u00a0\u00bbrow\u00a0\u00bb use_row_as_full_screen_section=\u00a0\u00bbno\u00a0\u00bb type=\u00a0\u00bbfull_width\u00a0\u00bb angled_section=\u00a0\u00bbno\u00a0\u00bb text_align=\u00a0\u00bbleft\u00a0\u00bb background_image_as_pattern=\u00a0\u00bbwithout_pattern\u00a0\u00bb][vc_column][vc_column_text css=\u00a0\u00bb\u00a0\u00bb] D\u00e9nomination sociale : Nicolas Gaide Coordonn\u00e9es postale : Le Planica, La Rosi\u00e8re 73700, MONTVALEZAN Num\u00e9ro d\u2019immatriculation au Registre du Commerces et des Soci\u00e9t\u00e9s : 431 081 538 Responsable de la publication du site : Mr Nicolas&#8230;<\/p>\n","protected":false},"author":4,"featured_media":0,"parent":0,"menu_order":0,"comment_status":"open","ping_status":"open","template":"","meta":{"footnotes":""},"class_list":["post-18099","page","type-page","status-publish","hentry"],"_links":{"self":[{"href":"https:\/\/leplanica.com\/fr\/wp-json\/wp\/v2\/pages\/18099","targetHints":{"allow":["GET"]}}],"collection":[{"href":"https:\/\/leplanica.com\/fr\/wp-json\/wp\/v2\/pages"}],"about":[{"href":"https:\/\/leplanica.com\/fr\/wp-json\/wp\/v2\/types\/page"}],"author":[{"embeddable":true,"href":"https:\/\/leplanica.com\/fr\/wp-json\/wp\/v2\/users\/4"}],"replies":[{"embeddable":true,"href":"https:\/\/leplanica.com\/fr\/wp-json\/wp\/v2\/comments?post=18099"}],"version-history":[{"count":1,"href":"https:\/\/leplanica.com\/fr\/wp-json\/wp\/v2\/pages\/18099\/revisions"}],"predecessor-version":[{"id":18417,"href":"https:\/\/leplanica.com\/fr\/wp-json\/wp\/v2\/pages\/18099\/revisions\/18417"}],"wp:attachment":[{"href":"https:\/\/leplanica.com\/fr\/wp-json\/wp\/v2\/media?parent=18099"}],"curies":[{"name":"wp","href":"https:\/\/api.w.org\/{rel}","templated":true}]}}