{"id":18009,"date":"2015-04-20T16:16:23","date_gmt":"2015-04-20T16:16:23","guid":{"rendered":"https:\/\/leplanica.com\/fr\/?page_id=18009"},"modified":"2015-04-24T11:50:10","modified_gmt":"2015-04-24T11:50:10","slug":"location-appartement-10-personnes-5-pieces","status":"publish","type":"page","link":"https:\/\/leplanica.com\/fr\/location-appartement-10-personnes-5-pieces\/","title":{"rendered":"Appartement N\u00b09"},"content":{"rendered":"<div class=\"wpb-content-wrapper\"><p>[vc_row css=\u00a0\u00bb.vc_custom_1429545047417{margin-top: 0px !important;border-top-width: 1px !important;border-right-width: 1px !important;border-bottom-width: 1px !important;border-left-width: 1px !important;padding-top: 20px !important;padding-right: 5px !important;padding-left: 5px !important;border-left-color: #bbbbbb !important;border-left-style: solid !important;border-right-color: #bbbbbb !important;border-right-style: solid !important;border-top-color: #bbbbbb !important;border-top-style: solid !important;border-bottom-color: #bbbbbb !important;border-bottom-style: solid !important;}\u00a0\u00bb row_type=\u00a0\u00bbrow\u00a0\u00bb use_row_as_full_screen_section=\u00a0\u00bbno\u00a0\u00bb type=\u00a0\u00bbfull_width\u00a0\u00bb text_align=\u00a0\u00bbleft\u00a0\u00bb background_image_as_pattern=\u00a0\u00bbwithout_pattern\u00a0\u00bb][vc_column width=\u00a0\u00bb1\/3&Prime;][vc_gallery type=\u00a0\u00bbflexslider_fade\u00a0\u00bb interval=\u00a0\u00bb3&Prime; images=\u00a0\u00bb17939,17940&Prime; onclick=\u00a0\u00bblink_image\u00a0\u00bb custom_links_target=\u00a0\u00bb_self\u00a0\u00bb column_number=\u00a0\u00bb2&Prime; grayscale=\u00a0\u00bbno\u00a0\u00bb choose_frame=\u00a0\u00bbdefault\u00a0\u00bb img_size=\u00a0\u00bbfull\u00a0\u00bb][\/vc_column][vc_column width=\u00a0\u00bb1\/3&Prime;][vc_column_text]<\/p>\n<ul>\n<li>Surface: <strong>110 m\u00b2 \/ 5 pi\u00e8ces sous charpente<\/strong><\/li>\n<li>Capacit\u00e9: <strong>10 personnes<\/strong><\/li>\n<li>4 chambres, 3 salles de bain<\/li>\n<li>Cuisine \u00e9quip\u00e9e, TV, po\u00eble \u00e0 bois<\/li>\n<li>Balcon nord avec vue sur les pistes<\/li>\n<li>Balcon sud avec vue sur la vall\u00e9e<\/li>\n<\/ul>\n<p>[\/vc_column_text][\/vc_column][vc_column width=\u00a0\u00bb1\/3&Prime;]<a  itemprop=\"url\" href=\"https:\/\/leplanica.com\/fr\/wp-content\/uploads\/2015\/04\/planica-app9.pdf\" target=\"_blank\"  class=\"qbutton  medium default\" style=\"\">T\u00e9l\u00e9charger le plan<i class=\"qode_icon_font_awesome fa fa-download qode_button_icon_element\"><\/i><\/a>[vc_separator type=\u00a0\u00bbnormal\u00a0\u00bb position=\u00a0\u00bbcenter\u00a0\u00bb width_in_percentages=\u00a0\u00bb\u00a0\u00bb]<a  itemprop=\"url\" href=\"https:\/\/leplanica.com\/fr\/tarifs-locations-ete-hiver\/\" target=\"_self\"  class=\"qbutton  medium default\" style=\"\">Voir les tarifs<i class=\"qode_icon_font_awesome fa fa-arrow-circle-o-right qode_button_icon_element\"><\/i><\/a>[vc_separator type=\u00a0\u00bbnormal\u00a0\u00bb position=\u00a0\u00bbcenter\u00a0\u00bb width_in_percentages=\u00a0\u00bb\u00a0\u00bb]<a  itemprop=\"url\" href=\"\" target=\"_self\"  class=\"qbutton  medium default\" style=\"background-color:#c1c1c1;\">Cliquer la photo pour zoomer<i class=\"qode_icon_font_awesome fa fa-plus-circle qode_button_icon_element\"><\/i><\/a>[\/vc_column][\/vc_row]<\/p>\n<\/div>","protected":false},"excerpt":{"rendered":"<p>[vc_row css=\u00a0\u00bb.vc_custom_1429545047417{margin-top: 0px !important;border-top-width: 1px !important;border-right-width: 1px !important;border-bottom-width: 1px !important;border-left-width: 1px !important;padding-top: 20px !important;padding-right: 5px !important;padding-left: 5px !important;border-left-color: #bbbbbb !important;border-left-style: solid !important;border-right-color: #bbbbbb !important;border-right-style: solid !important;border-top-color: #bbbbbb !important;border-top-style: solid !important;border-bottom-color: #bbbbbb !important;border-bottom-style: solid !important;}\u00a0\u00bb row_type=\u00a0\u00bbrow\u00a0\u00bb use_row_as_full_screen_section=\u00a0\u00bbno\u00a0\u00bb type=\u00a0\u00bbfull_width\u00a0\u00bb text_align=\u00a0\u00bbleft\u00a0\u00bb background_image_as_pattern=\u00a0\u00bbwithout_pattern\u00a0\u00bb][vc_column width=\u00a0\u00bb1\/3&Prime;][vc_gallery type=\u00a0\u00bbflexslider_fade\u00a0\u00bb interval=\u00a0\u00bb3&Prime; images=\u00a0\u00bb17939,17940&Prime; onclick=\u00a0\u00bblink_image\u00a0\u00bb custom_links_target=\u00a0\u00bb_self\u00a0\u00bb&#8230;<\/p>\n","protected":false},"author":4,"featured_media":0,"parent":0,"menu_order":0,"comment_status":"open","ping_status":"closed","template":"","meta":{"footnotes":""},"class_list":["post-18009","page","type-page","status-publish","hentry"],"_links":{"self":[{"href":"https:\/\/leplanica.com\/fr\/wp-json\/wp\/v2\/pages\/18009","targetHints":{"allow":["GET"]}}],"collection":[{"href":"https:\/\/leplanica.com\/fr\/wp-json\/wp\/v2\/pages"}],"about":[{"href":"https:\/\/leplanica.com\/fr\/wp-json\/wp\/v2\/types\/page"}],"author":[{"embeddable":true,"href":"https:\/\/leplanica.com\/fr\/wp-json\/wp\/v2\/users\/4"}],"replies":[{"embeddable":true,"href":"https:\/\/leplanica.com\/fr\/wp-json\/wp\/v2\/comments?post=18009"}],"version-history":[{"count":0,"href":"https:\/\/leplanica.com\/fr\/wp-json\/wp\/v2\/pages\/18009\/revisions"}],"wp:attachment":[{"href":"https:\/\/leplanica.com\/fr\/wp-json\/wp\/v2\/media?parent=18009"}],"curies":[{"name":"wp","href":"https:\/\/api.w.org\/{rel}","templated":true}]}}