{"id":17899,"date":"2015-04-18T15:38:45","date_gmt":"2015-04-18T15:38:45","guid":{"rendered":"https:\/\/leplanica.com\/fr\/?page_id=17899"},"modified":"2021-03-23T14:09:50","modified_gmt":"2021-03-23T14:09:50","slug":"organisation-evenement-la-rosiere","status":"publish","type":"page","link":"https:\/\/leplanica.com\/fr\/organisation-evenement-la-rosiere\/","title":{"rendered":"Mariage"},"content":{"rendered":"<div class=\"wpb-content-wrapper\"><p>[vc_row css_animation=\u00a0\u00bb\u00a0\u00bb row_type=\u00a0\u00bbrow\u00a0\u00bb use_row_as_full_screen_section=\u00a0\u00bbno\u00a0\u00bb type=\u00a0\u00bbfull_width\u00a0\u00bb angled_section=\u00a0\u00bbno\u00a0\u00bb text_align=\u00a0\u00bbleft\u00a0\u00bb background_image_as_pattern=\u00a0\u00bbwithout_pattern\u00a0\u00bb][vc_column][vc_single_image image=\u00a0\u00bb17900&Prime; img_size=\u00a0\u00bbfull\u00a0\u00bb qode_css_animation=\u00a0\u00bb\u00a0\u00bb][vc_separator type=\u00a0\u00bbtransparent\u00a0\u00bb thickness=\u00a0\u00bb30&Prime;][\/vc_column][\/vc_row][vc_row css_animation=\u00a0\u00bb\u00a0\u00bb row_type=\u00a0\u00bbrow\u00a0\u00bb use_row_as_full_screen_section=\u00a0\u00bbno\u00a0\u00bb type=\u00a0\u00bbfull_width\u00a0\u00bb angled_section=\u00a0\u00bbno\u00a0\u00bb text_align=\u00a0\u00bbleft\u00a0\u00bb background_image_as_pattern=\u00a0\u00bbwithout_pattern\u00a0\u00bb][vc_column][vc_column_text]Qui n\u2019a pas r\u00eav\u00e9 de c\u00e9l\u00e9brer le plus beau jour de sa vie \u00e0 la montagne ?<\/p>\n<p>Au Planica, c\u2019est possible. Fiona et Nicolas aurons le plaisir de pr\u00e9parer cet \u00e9v\u00e9nement avec vous. De l\u2019h\u00e9bergement jusqu\u2019\u00e0 la derni\u00e8re fl\u00fbte de champagne, toutes vos v\u0153ux peuvent \u00eatre exauc\u00e9s. Dans un cadre majestueux, le couple\u00a0sera enchant\u00e9 de cette c\u00e9l\u00e9bration.[\/vc_column_text][\/vc_column][\/vc_row]<\/p>\n<\/div>","protected":false},"excerpt":{"rendered":"<p>[vc_row css_animation=\u00a0\u00bb\u00a0\u00bb row_type=\u00a0\u00bbrow\u00a0\u00bb use_row_as_full_screen_section=\u00a0\u00bbno\u00a0\u00bb type=\u00a0\u00bbfull_width\u00a0\u00bb angled_section=\u00a0\u00bbno\u00a0\u00bb text_align=\u00a0\u00bbleft\u00a0\u00bb background_image_as_pattern=\u00a0\u00bbwithout_pattern\u00a0\u00bb][vc_column][vc_single_image image=\u00a0\u00bb17900&Prime; img_size=\u00a0\u00bbfull\u00a0\u00bb qode_css_animation=\u00a0\u00bb\u00a0\u00bb][vc_separator type=\u00a0\u00bbtransparent\u00a0\u00bb thickness=\u00a0\u00bb30&Prime;][\/vc_column][\/vc_row][vc_row css_animation=\u00a0\u00bb\u00a0\u00bb row_type=\u00a0\u00bbrow\u00a0\u00bb use_row_as_full_screen_section=\u00a0\u00bbno\u00a0\u00bb type=\u00a0\u00bbfull_width\u00a0\u00bb angled_section=\u00a0\u00bbno\u00a0\u00bb text_align=\u00a0\u00bbleft\u00a0\u00bb background_image_as_pattern=\u00a0\u00bbwithout_pattern\u00a0\u00bb][vc_column][vc_column_text]Qui n\u2019a pas r\u00eav\u00e9 de c\u00e9l\u00e9brer le plus beau jour de sa vie \u00e0 la montagne ? Au Planica, c\u2019est possible. Fiona et Nicolas aurons le&#8230;<\/p>\n","protected":false},"author":4,"featured_media":0,"parent":0,"menu_order":0,"comment_status":"open","ping_status":"closed","template":"","meta":{"footnotes":""},"class_list":["post-17899","page","type-page","status-publish","hentry"],"_links":{"self":[{"href":"https:\/\/leplanica.com\/fr\/wp-json\/wp\/v2\/pages\/17899","targetHints":{"allow":["GET"]}}],"collection":[{"href":"https:\/\/leplanica.com\/fr\/wp-json\/wp\/v2\/pages"}],"about":[{"href":"https:\/\/leplanica.com\/fr\/wp-json\/wp\/v2\/types\/page"}],"author":[{"embeddable":true,"href":"https:\/\/leplanica.com\/fr\/wp-json\/wp\/v2\/users\/4"}],"replies":[{"embeddable":true,"href":"https:\/\/leplanica.com\/fr\/wp-json\/wp\/v2\/comments?post=17899"}],"version-history":[{"count":0,"href":"https:\/\/leplanica.com\/fr\/wp-json\/wp\/v2\/pages\/17899\/revisions"}],"wp:attachment":[{"href":"https:\/\/leplanica.com\/fr\/wp-json\/wp\/v2\/media?parent=17899"}],"curies":[{"name":"wp","href":"https:\/\/api.w.org\/{rel}","templated":true}]}}