{"id":17890,"date":"2015-04-18T15:31:27","date_gmt":"2015-04-18T15:31:27","guid":{"rendered":"https:\/\/leplanica.com\/fr\/?page_id=17890"},"modified":"2017-01-24T16:02:59","modified_gmt":"2017-01-24T16:02:59","slug":"piscine-spa-balneo-la-rosiere","status":"publish","type":"page","link":"https:\/\/leplanica.com\/fr\/piscine-spa-balneo-la-rosiere\/","title":{"rendered":"Espace Piscine Balneo"},"content":{"rendered":"<div class=\"wpb-content-wrapper\"><p>[vc_row css_animation=\u00a0\u00bb\u00a0\u00bb row_type=\u00a0\u00bbrow\u00a0\u00bb use_row_as_full_screen_section=\u00a0\u00bbno\u00a0\u00bb type=\u00a0\u00bbfull_width\u00a0\u00bb angled_section=\u00a0\u00bbno\u00a0\u00bb text_align=\u00a0\u00bbleft\u00a0\u00bb background_image_as_pattern=\u00a0\u00bbwithout_pattern\u00a0\u00bb][vc_column][vc_single_image image=\u00a0\u00bb17789&Prime; img_size=\u00a0\u00bbfull\u00a0\u00bb qode_css_animation=\u00a0\u00bb\u00a0\u00bb][vc_separator type=\u00a0\u00bbtransparent\u00a0\u00bb thickness=\u00a0\u00bb30&Prime;][\/vc_column][\/vc_row][vc_row css_animation=\u00a0\u00bb\u00a0\u00bb row_type=\u00a0\u00bbrow\u00a0\u00bb use_row_as_full_screen_section=\u00a0\u00bbno\u00a0\u00bb type=\u00a0\u00bbfull_width\u00a0\u00bb angled_section=\u00a0\u00bbno\u00a0\u00bb text_align=\u00a0\u00bbleft\u00a0\u00bb background_image_as_pattern=\u00a0\u00bbwithout_pattern\u00a0\u00bb][vc_column][vc_column_text]Apr\u00e8s une bonne journ\u00e9e de ski, prenez le go\u00fbter dans votre chaleureux appartement du Planica, puis enfilez votre maillot de bain avant de faire quelques brass\u00e9es au coeur du chalet avec les Alpes en panorama. D\u00e9tendez-vous dans le spa, ressourcez vous dans le hammam et le sauna, puis retournez une derni\u00e8re fois pour le plaisir dans la piscine en face de la vall\u00e9e de Haute Tarentaise. Et voil\u00e0 une bonne recette du bonheur![\/vc_column_text][vc_separator type=\u00a0\u00bbtransparent\u00a0\u00bb thickness=\u00a0\u00bb30&Prime;][vc_gallery interval=\u00a0\u00bb3&Prime; images=\u00a0\u00bb17891,17892,17893,17894,17895&Prime; img_size=\u00a0\u00bbfull\u00a0\u00bb onclick=\u00a0\u00bb\u00a0\u00bb][vc_separator type=\u00a0\u00bbtransparent\u00a0\u00bb thickness=\u00a0\u00bb30&Prime;][\/vc_column][\/vc_row]<\/p>\n<\/div>","protected":false},"excerpt":{"rendered":"<p>[vc_row css_animation=\u00a0\u00bb\u00a0\u00bb row_type=\u00a0\u00bbrow\u00a0\u00bb use_row_as_full_screen_section=\u00a0\u00bbno\u00a0\u00bb type=\u00a0\u00bbfull_width\u00a0\u00bb angled_section=\u00a0\u00bbno\u00a0\u00bb text_align=\u00a0\u00bbleft\u00a0\u00bb background_image_as_pattern=\u00a0\u00bbwithout_pattern\u00a0\u00bb][vc_column][vc_single_image image=\u00a0\u00bb17789&Prime; img_size=\u00a0\u00bbfull\u00a0\u00bb qode_css_animation=\u00a0\u00bb\u00a0\u00bb][vc_separator type=\u00a0\u00bbtransparent\u00a0\u00bb thickness=\u00a0\u00bb30&Prime;][\/vc_column][\/vc_row][vc_row css_animation=\u00a0\u00bb\u00a0\u00bb row_type=\u00a0\u00bbrow\u00a0\u00bb use_row_as_full_screen_section=\u00a0\u00bbno\u00a0\u00bb type=\u00a0\u00bbfull_width\u00a0\u00bb angled_section=\u00a0\u00bbno\u00a0\u00bb text_align=\u00a0\u00bbleft\u00a0\u00bb background_image_as_pattern=\u00a0\u00bbwithout_pattern\u00a0\u00bb][vc_column][vc_column_text]Apr\u00e8s une bonne journ\u00e9e de ski, prenez le go\u00fbter dans votre chaleureux appartement du Planica, puis enfilez votre maillot de bain avant de faire quelques brass\u00e9es&#8230;<\/p>\n","protected":false},"author":4,"featured_media":0,"parent":0,"menu_order":0,"comment_status":"open","ping_status":"closed","template":"","meta":{"footnotes":""},"class_list":["post-17890","page","type-page","status-publish","hentry"],"_links":{"self":[{"href":"https:\/\/leplanica.com\/fr\/wp-json\/wp\/v2\/pages\/17890","targetHints":{"allow":["GET"]}}],"collection":[{"href":"https:\/\/leplanica.com\/fr\/wp-json\/wp\/v2\/pages"}],"about":[{"href":"https:\/\/leplanica.com\/fr\/wp-json\/wp\/v2\/types\/page"}],"author":[{"embeddable":true,"href":"https:\/\/leplanica.com\/fr\/wp-json\/wp\/v2\/users\/4"}],"replies":[{"embeddable":true,"href":"https:\/\/leplanica.com\/fr\/wp-json\/wp\/v2\/comments?post=17890"}],"version-history":[{"count":1,"href":"https:\/\/leplanica.com\/fr\/wp-json\/wp\/v2\/pages\/17890\/revisions"}],"predecessor-version":[{"id":18447,"href":"https:\/\/leplanica.com\/fr\/wp-json\/wp\/v2\/pages\/17890\/revisions\/18447"}],"wp:attachment":[{"href":"https:\/\/leplanica.com\/fr\/wp-json\/wp\/v2\/media?parent=17890"}],"curies":[{"name":"wp","href":"https:\/\/api.w.org\/{rel}","templated":true}]}}