{"id":17879,"date":"2015-04-18T14:53:00","date_gmt":"2015-04-18T14:53:00","guid":{"rendered":"https:\/\/leplanica.com\/fr\/?page_id=17879"},"modified":"2015-04-24T13:05:03","modified_gmt":"2015-04-24T13:05:03","slug":"qui-sommes-nous-le-planica","status":"publish","type":"page","link":"https:\/\/leplanica.com\/fr\/qui-sommes-nous-le-planica\/","title":{"rendered":"Qui sommes nous ?"},"content":{"rendered":"<div class=\"wpb-content-wrapper\"><p>[vc_row][vc_column width=\u00a0\u00bb1\/1&Prime;][vc_single_image image=\u00a0\u00bb17880&Prime; border_color=\u00a0\u00bbgrey\u00a0\u00bb img_link_large=\u00a0\u00bb\u00a0\u00bb img_link_target=\u00a0\u00bb_self\u00a0\u00bb img_size=\u00a0\u00bbfull\u00a0\u00bb][vc_separator type=\u00a0\u00bbtransparent\u00a0\u00bb position=\u00a0\u00bbcenter\u00a0\u00bb thickness=\u00a0\u00bb30&Prime; width_in_percentages=\u00a0\u00bb\u00a0\u00bb][\/vc_column][\/vc_row][vc_row][vc_column][vc_column_text]Nicolas , Fiona et Thomas Gaide sont propri\u00e9taires de cette magnifique r\u00e9sidence. Ils vous accueillent en toute sympathie. Habitant sur place, ils sont toujours \u00e0 votre \u00e9coute et disponibles pendant votre s\u00e9jour.<br \/>\n<img loading=\"lazy\" decoding=\"async\" class=\" size-medium wp-image-17881 alignright\" src=\"https:\/\/leplanica.com\/fr\/wp-content\/uploads\/2015\/04\/le-planica-la-rosiere-1850-saut-a-skis-300x125.jpg\" alt=\"le-planica-la-rosiere-1850-saut-a-skis\" width=\"300\" height=\"125\" srcset=\"https:\/\/leplanica.com\/fr\/wp-content\/uploads\/2015\/04\/le-planica-la-rosiere-1850-saut-a-skis-300x125.jpg 300w, https:\/\/leplanica.com\/fr\/wp-content\/uploads\/2015\/04\/le-planica-la-rosiere-1850-saut-a-skis-1024x427.jpg 1024w, https:\/\/leplanica.com\/fr\/wp-content\/uploads\/2015\/04\/le-planica-la-rosiere-1850-saut-a-skis-700x292.jpg 700w, https:\/\/leplanica.com\/fr\/wp-content\/uploads\/2015\/04\/le-planica-la-rosiere-1850-saut-a-skis.jpg 1200w\" sizes=\"auto, (max-width: 300px) 100vw, 300px\" \/>Nicolas, originaire de la Rosi\u00e8re et ancien membre des \u00e9quipes de France de saut \u00e0 ski, a choisi ce nom en relation avec la vall\u00e9e Alpine de Slov\u00e9nie, \u201cPlanica\u201d. Il a particip\u00e9 \u00e0 des comp\u00e9titions internationales dans ce lieu mythique o\u00f9 sont \u00e9tablis les records du monde (plus de 230 m).\u00a0Il est maintenant moniteur de ski \u00e0 l\u2019ESF de la Rosi\u00e8re. Il g\u00e8re avec son \u00e9pouse la r\u00e9sidence.<\/p>\n<p>&nbsp;<\/p>\n<p>Fiona, d\u2019origine anglaise, est arriv\u00e9e au village en 2000. Elle travaillait d\u00e9j\u00e0 dans le secteur du tourisme. Passionn\u00e9e de ski et de montagne, elle rencontre Nicolas. Fiona assure maintenant la gestion de l\u2019\u00e9tablissement de A \u00e0 Z avec un petit accent anglais.<\/p>\n<p>Thomas, n\u00e9 en 2010, suit d\u00e9j\u00e0 ses parents dans les diff\u00e9rentes activit\u00e9s du chalet. Il adore jouer avec les jeunes vacanciers.[\/vc_column_text][vc_separator type=\u00a0\u00bbtransparent\u00a0\u00bb position=\u00a0\u00bbcenter\u00a0\u00bb thickness=\u00a0\u00bb30&Prime; width_in_percentages=\u00a0\u00bb\u00a0\u00bb][\/vc_column][\/vc_row]<\/p>\n<\/div>","protected":false},"excerpt":{"rendered":"<p>[vc_row][vc_column width=\u00a0\u00bb1\/1&Prime;][vc_single_image image=\u00a0\u00bb17880&Prime; border_color=\u00a0\u00bbgrey\u00a0\u00bb img_link_large=\u00a0\u00bb\u00a0\u00bb img_link_target=\u00a0\u00bb_self\u00a0\u00bb img_size=\u00a0\u00bbfull\u00a0\u00bb][vc_separator type=\u00a0\u00bbtransparent\u00a0\u00bb position=\u00a0\u00bbcenter\u00a0\u00bb thickness=\u00a0\u00bb30&Prime; width_in_percentages=\u00a0\u00bb\u00a0\u00bb][\/vc_column][\/vc_row][vc_row][vc_column][vc_column_text]Nicolas , Fiona et Thomas Gaide sont propri\u00e9taires de cette magnifique r\u00e9sidence. Ils vous accueillent en toute sympathie. Habitant sur place, ils sont toujours \u00e0 votre \u00e9coute et disponibles pendant votre s\u00e9jour. Nicolas, originaire de&#8230;<\/p>\n","protected":false},"author":4,"featured_media":0,"parent":0,"menu_order":0,"comment_status":"open","ping_status":"closed","template":"","meta":{"footnotes":""},"class_list":["post-17879","page","type-page","status-publish","hentry"],"_links":{"self":[{"href":"https:\/\/leplanica.com\/fr\/wp-json\/wp\/v2\/pages\/17879","targetHints":{"allow":["GET"]}}],"collection":[{"href":"https:\/\/leplanica.com\/fr\/wp-json\/wp\/v2\/pages"}],"about":[{"href":"https:\/\/leplanica.com\/fr\/wp-json\/wp\/v2\/types\/page"}],"author":[{"embeddable":true,"href":"https:\/\/leplanica.com\/fr\/wp-json\/wp\/v2\/users\/4"}],"replies":[{"embeddable":true,"href":"https:\/\/leplanica.com\/fr\/wp-json\/wp\/v2\/comments?post=17879"}],"version-history":[{"count":0,"href":"https:\/\/leplanica.com\/fr\/wp-json\/wp\/v2\/pages\/17879\/revisions"}],"wp:attachment":[{"href":"https:\/\/leplanica.com\/fr\/wp-json\/wp\/v2\/media?parent=17879"}],"curies":[{"name":"wp","href":"https:\/\/api.w.org\/{rel}","templated":true}]}}