{"id":17908,"date":"2023-02-02T12:15:59","date_gmt":"2023-02-02T12:15:59","guid":{"rendered":"https:\/\/leplanica.com\/en\/?page_id=17908"},"modified":"2026-04-13T09:57:22","modified_gmt":"2026-04-13T09:57:22","slug":"tarifs-locations-ete-hiver","status":"publish","type":"page","link":"https:\/\/leplanica.com\/en\/tarifs-locations-ete-hiver\/","title":{"rendered":"Our Tarifs Winter and Summer"},"content":{"rendered":"<div class=\"wpb-content-wrapper\"><p>[vc_row css_animation=&#8221;&#8221; row_type=&#8221;row&#8221; use_row_as_full_screen_section=&#8221;no&#8221; type=&#8221;full_width&#8221; angled_section=&#8221;no&#8221; text_align=&#8221;left&#8221; background_image_as_pattern=&#8221;without_pattern&#8221;][vc_column][vc_column_text]Les tarifs comprennent la location de l&#8217;appartement (toutes charges comprises), l&#8217;acc\u00e8s illimit\u00e9 \u00e0 l&#8217;espace priv\u00e9 piscine baln\u00e9o et les places de garage \u00e0 l&#8217;int\u00e9rieur de la r\u00e9sidence.<br \/>\nTaxe de s\u00e9jour en sus: 1.87\u20ac\/nuit \/adulte.<\/p>\n<p>Arriv\u00e9e samedi \u00e0 partir de 16h &#8211; D\u00e9part samedi 9h<\/p>\n<p>[vc_separator type=&#8217;transparent&#8217; position=&#8217;center&#8217; color=&#8221; thickness=&#8221; up=&#8221; down=&#8221;]<\/p>\n<h2><span data-type=\"normal\"  class=\"qode_icon_shortcode  q_font_awsome_icon   \" style=\" \"><i class=\"qode_icon_font_awesome fa fa-eur qode_icon_element\" style=\"font-size: 30px;\" ><\/i><\/span> \u00a0Tarifs hiver<\/h2>\n<p>[\/vc_column_text][vc_separator type=&#8221;transparent&#8221;][\/vc_column][\/vc_row][vc_row css_animation=&#8221;&#8221; row_type=&#8221;row&#8221; use_row_as_full_screen_section=&#8221;no&#8221; type=&#8221;full_width&#8221; angled_section=&#8221;no&#8221; text_align=&#8221;left&#8221; background_image_as_pattern=&#8221;without_pattern&#8221; background_color=&#8221;#4b8cf0&#8243;][vc_column width=&#8221;1\/2&#8243;][vc_column_text css=&#8221;&#8221;]<strong>\u00a0<\/strong><\/p>\n<table style=\"height: 530px;\" border=\"2\" width=\"100%\">\n<tbody>\n<tr style=\"color: #ffffff;\">\n<td width=\"90\"><span style=\"color: #ffffff;\"><b>Prices winter 2026\/2027<\/b><\/span><br \/>\n<span style=\"color: #ffffff;\"> (<i>EUROS<\/i>)<\/span><\/td>\n<td width=\"49\"><strong>#6<\/strong><br \/>\n2 pi\u00e8ces2-4pers<\/td>\n<td width=\"42\"><strong>#7<\/strong><br \/>\n3 pi\u00e8ces4-5 pers<\/td>\n<td width=\"48\"><strong>#4<\/strong><br \/>\n3 Pi\u00e8ces6 pers<\/td>\n<\/tr>\n<tr style=\"color: #000000;\">\n<td width=\"90\"><strong>12\/12 &#8211; 19\/12<br \/>\n<\/strong><\/td>\n<td>780<\/td>\n<td>970<\/td>\n<td>1130<\/td>\n<\/tr>\n<tr style=\"color: #000000;\">\n<td width=\"90\"><strong>19\/12 &#8211; 26\/12<br \/>\n<\/strong><\/td>\n<td>1570<\/td>\n<td>1960<\/td>\n<td>2270<\/td>\n<\/tr>\n<tr style=\"color: #000000;\">\n<td width=\"90\"><strong>26\/12 &#8211; 02\/01<br \/>\n<\/strong><\/td>\n<td>1780<\/td>\n<td>2270<\/td>\n<td>2620<\/td>\n<\/tr>\n<tr style=\"color: #000000;\">\n<td width=\"90\"><strong>02\/01 &#8211; 09\/01<br \/>\n<\/strong><\/td>\n<td>960<\/td>\n<td>1200<\/td>\n<td>1390<\/td>\n<\/tr>\n<tr style=\"color: #000000;\">\n<td width=\"90\"><strong>09\/01 &#8211; 16\/01<br \/>\n<\/strong><\/td>\n<td>1050<\/td>\n<td>1300<\/td>\n<td>1470<\/td>\n<\/tr>\n<tr style=\"color: #000000;\">\n<td width=\"90\"><strong>16\/01 &#8211; 23\/01<br \/>\n<\/strong><\/td>\n<td>1110<\/td>\n<td>1380<\/td>\n<td>1560<\/td>\n<\/tr>\n<tr style=\"color: #000000;\">\n<td width=\"90\"><strong>23\/01 &#8211; 30\/01<\/strong><\/td>\n<td>1110<\/td>\n<td>1380<\/td>\n<td>1560<\/td>\n<\/tr>\n<tr style=\"color: #000000;\">\n<td width=\"90\"><strong>30\/01 &#8211; 06\/02<br \/>\n<\/strong><\/td>\n<td>1170<\/td>\n<td>1410<\/td>\n<td>1640<\/td>\n<\/tr>\n<tr style=\"color: #000000;\">\n<td width=\"90\"><strong>06\/02 &#8211; 13\/02<br \/>\n<\/strong><\/td>\n<td>1780<\/td>\n<td>2270<\/td>\n<td>2620<\/td>\n<\/tr>\n<tr style=\"color: #000000;\">\n<td width=\"90\"><strong>13\/02 &#8211; 20\/02<br \/>\n<\/strong><\/td>\n<td>1780<\/td>\n<td>2270<\/td>\n<td>2620<\/td>\n<\/tr>\n<tr style=\"color: #000000;\">\n<td width=\"90\"><strong>20\/02 &#8211; 27\/02<\/strong><\/td>\n<td>1780<\/td>\n<td>2270<\/td>\n<td>2620<\/td>\n<\/tr>\n<tr style=\"color: #000000;\">\n<td width=\"90\"><strong>27\/02 &#8211; 06\/03<br \/>\n<\/strong><\/td>\n<td>1780<\/td>\n<td>2270<\/td>\n<td>2620<\/td>\n<\/tr>\n<tr style=\"color: #000000;\">\n<td width=\"90\"><strong>06\/03 &#8211; 13\/03<br \/>\n<\/strong><\/td>\n<td>1200<\/td>\n<td>1480<\/td>\n<td>1690<\/td>\n<\/tr>\n<tr style=\"color: #000000;\">\n<td width=\"90\"><strong>13\/03 &#8211; 20\/03<br \/>\n<\/strong><\/td>\n<td>1110<\/td>\n<td>1380<\/td>\n<td>1560<\/td>\n<\/tr>\n<tr style=\"color: #000000;\">\n<td width=\"90\"><strong>20\/03 &#8211; 27\/03<br \/>\n<\/strong><\/td>\n<td>1050<\/td>\n<td>1300<\/td>\n<td>1470<\/td>\n<\/tr>\n<tr style=\"color: #000000;\">\n<td width=\"90\"><strong>27\/03 &#8211; 03\/04<br \/>\n<\/strong><\/td>\n<td>1250<\/td>\n<td>1570<\/td>\n<td>1780<\/td>\n<\/tr>\n<tr style=\"color: #000000;\">\n<td width=\"90\"><strong>03\/04 &#8211; 10\/04<br \/>\n<\/strong><\/td>\n<td>1250<\/td>\n<td>1570<\/td>\n<td>1780<\/td>\n<\/tr>\n<tr style=\"color: #000000;\">\n<td width=\"90\"><strong>10\/04 &#8211; 17\/04<br \/>\n<\/strong><\/td>\n<td>780<\/td>\n<td>970<\/td>\n<td>1130<\/td>\n<\/tr>\n<tr style=\"color: #000000;\">\n<td width=\"90\"><\/td>\n<td><\/td>\n<td><\/td>\n<td><\/td>\n<\/tr>\n<\/tbody>\n<\/table>\n<p>[\/vc_column_text][\/vc_column][vc_column width=&#8221;1\/2&#8243;][vc_column_text css=&#8221;&#8221;]<strong>\u00a0<\/strong><\/p>\n<table style=\"height: 530px;\" border=\"2\" width=\"100%\">\n<tbody>\n<tr style=\"color: #ffffff;\">\n<td width=\"90\"><span style=\"color: #ffffff;\"><b>Prices winter 2026\/2027<\/b><\/span><br \/>\n<span style=\"color: #ffffff;\"> (<i>EUROS<\/i>)<\/span><\/td>\n<td width=\"47\"><strong>#9<\/strong><br \/>\n5 pi\u00e8ces8 pers<\/td>\n<td width=\"48\"><strong>#9<\/strong><br \/>\n5 pi\u00e8ces10 pers<\/td>\n<td width=\"48\"><strong>#5<\/strong><br \/>\n6 pi\u00e8ces10 pers<\/td>\n<\/tr>\n<tr style=\"color: #000000;\">\n<td width=\"90\"><strong>12\/12 &#8211; 19\/12<br \/>\n<\/strong><\/td>\n<td>1650<\/td>\n<td>2080<\/td>\n<td>2170<\/td>\n<\/tr>\n<tr style=\"color: #000000;\">\n<td width=\"90\"><strong>19\/12 &#8211; 26\/12<br \/>\n<\/strong><\/td>\n<td>4270<\/td>\n<td>4270<\/td>\n<td>4400<\/td>\n<\/tr>\n<tr style=\"color: #000000;\">\n<td width=\"90\"><strong>26\/12 &#8211; 02\/01<br \/>\n<\/strong><\/td>\n<td>4680<\/td>\n<td>4680<\/td>\n<td>4770<\/td>\n<\/tr>\n<tr style=\"color: #000000;\">\n<td width=\"90\"><strong>02\/01 &#8211; 09\/01<br \/>\n<\/strong><\/td>\n<td>1930<\/td>\n<td>2400<\/td>\n<td>2520<\/td>\n<\/tr>\n<tr style=\"color: #000000;\">\n<td width=\"90\"><strong>09\/01 &#8211; 16\/01<br \/>\n<\/strong><\/td>\n<td>2220<\/td>\n<td>2750<\/td>\n<td>2850<\/td>\n<\/tr>\n<tr style=\"color: #000000;\">\n<td width=\"90\"><strong>16\/01 &#8211; 23\/01<br \/>\n<\/strong><\/td>\n<td>2400<\/td>\n<td>2860<\/td>\n<td>3070<\/td>\n<\/tr>\n<tr style=\"color: #000000;\">\n<td width=\"90\"><strong>23\/01 &#8211; 30\/01<\/strong><\/td>\n<td>2400<\/td>\n<td>2860<\/td>\n<td>3070<\/td>\n<\/tr>\n<tr style=\"color: #000000;\">\n<td width=\"90\"><strong>30\/01 &#8211; 06\/02<br \/>\n<\/strong><\/td>\n<td>2520<\/td>\n<td>3030<\/td>\n<td>3230<\/td>\n<\/tr>\n<tr style=\"color: #000000;\">\n<td width=\"90\"><strong>06\/02 &#8211; 13\/02<br \/>\n<\/strong><\/td>\n<td>4680<\/td>\n<td>4680<\/td>\n<td>4770<\/td>\n<\/tr>\n<tr style=\"color: #000000;\">\n<td width=\"90\"><strong>13\/02 &#8211; 20\/02<br \/>\n<\/strong><\/td>\n<td>4680<\/td>\n<td>4680<\/td>\n<td>4770<\/td>\n<\/tr>\n<tr style=\"color: #000000;\">\n<td width=\"90\"><strong>20\/02 &#8211; 27\/02<\/strong><\/td>\n<td>4680<\/td>\n<td>4680<\/td>\n<td>4770<\/td>\n<\/tr>\n<tr style=\"color: #000000;\">\n<td width=\"90\"><strong>27\/02 &#8211; 06\/03<br \/>\n<\/strong><\/td>\n<td>4680<\/td>\n<td>4680<\/td>\n<td>4770<\/td>\n<\/tr>\n<tr style=\"color: #000000;\">\n<td width=\"90\"><strong>06\/03 &#8211; 13\/03<br \/>\n<\/strong><\/td>\n<td>2660<\/td>\n<td>3160<\/td>\n<td>3380<\/td>\n<\/tr>\n<tr style=\"color: #000000;\">\n<td width=\"90\"><strong>13\/03 &#8211; 20\/03<br \/>\n<\/strong><\/td>\n<td>2400<\/td>\n<td>2870<\/td>\n<td>3070<\/td>\n<\/tr>\n<tr style=\"color: #000000;\">\n<td width=\"90\"><strong>20\/03 &#8211; 27\/03<br \/>\n<\/strong><\/td>\n<td>2220<\/td>\n<td>2750<\/td>\n<td>2850<\/td>\n<\/tr>\n<tr style=\"color: #000000;\">\n<td width=\"90\"><strong>27\/03 &#8211; 03\/04<br \/>\n<\/strong><\/td>\n<td>3100<\/td>\n<td>3590<\/td>\n<td>3700<\/td>\n<\/tr>\n<tr style=\"color: #000000;\">\n<td width=\"90\"><strong>03\/04 &#8211; 10\/04<br \/>\n<\/strong><\/td>\n<td>3100<\/td>\n<td>3590<\/td>\n<td>3700<\/td>\n<\/tr>\n<tr style=\"color: #000000;\">\n<td width=\"90\"><strong>10\/04 &#8211; 17\/04<br \/>\n<\/strong><\/td>\n<td>1650<\/td>\n<td>2080<\/td>\n<td>2170<\/td>\n<\/tr>\n<tr style=\"color: #000000;\">\n<td width=\"90\"><\/td>\n<td><\/td>\n<td><\/td>\n<td><\/td>\n<\/tr>\n<\/tbody>\n<\/table>\n<p>[\/vc_column_text][\/vc_column][\/vc_row][vc_row css_animation=&#8221;&#8221; row_type=&#8221;row&#8221; use_row_as_full_screen_section=&#8221;no&#8221; type=&#8221;full_width&#8221; angled_section=&#8221;no&#8221; text_align=&#8221;left&#8221; background_image_as_pattern=&#8221;without_pattern&#8221; background_color=&#8221;#4b8cf0&#8243;][vc_column width=&#8221;1\/2&#8243;][vc_column_text css=&#8221;&#8221;]<strong>\u00a0<\/strong><\/p>\n<table style=\"height: 530px;\" border=\"2\" width=\"100%\">\n<tbody>\n<tr style=\"color: #ffffff;\">\n<td width=\"90\"><span style=\"color: #ffffff;\"><b>Prices winter 2026\/2027<\/b><\/span><br \/>\n<span style=\"color: #ffffff;\"> (<i>EUROS<\/i>)<\/span><\/td>\n<td width=\"48\"><span style=\"color: #ffffff;\"><strong>#3<\/strong><\/span><br \/>\n<span style=\"color: #ffffff;\">6 pi\u00e8ces12 pers<\/span><\/td>\n<td width=\"56\"><strong>#8<\/strong><br \/>\n7 pi\u00e8ces15 pers<\/td>\n<td width=\"56\"><span style=\"color: #ffffff;\"><strong>#2<\/strong><\/span><br \/>\n<span style=\"color: #ffffff;\">11 pi\u00e8ces20 pers<\/span><\/td>\n<\/tr>\n<tr style=\"color: #000000;\">\n<td width=\"90\"><strong>12\/12 &#8211; 19\/12<br \/>\n<\/strong><\/td>\n<td>2450<\/td>\n<td>3060<\/td>\n<td>4090<\/td>\n<\/tr>\n<tr style=\"color: #000000;\">\n<td width=\"90\"><strong>19\/12 &#8211; 26\/12<br \/>\n<\/strong><\/td>\n<td>5110<\/td>\n<td>6390<\/td>\n<td>8520<\/td>\n<\/tr>\n<tr style=\"color: #000000;\">\n<td width=\"90\"><strong>26\/12 &#8211; 02\/01<br \/>\n<\/strong><\/td>\n<td>5640<\/td>\n<td>7030<\/td>\n<td>9400<\/td>\n<\/tr>\n<tr style=\"color: #000000;\">\n<td width=\"90\"><strong>02\/01 &#8211; 09\/01<br \/>\n<\/strong><\/td>\n<td>2960<\/td>\n<td>3760<\/td>\n<td>5300<\/td>\n<\/tr>\n<tr style=\"color: #000000;\">\n<td width=\"90\"><strong>09\/01 &#8211; 16\/01<br \/>\n<\/strong><\/td>\n<td>3300<\/td>\n<td>4160<\/td>\n<td>5600<\/td>\n<\/tr>\n<tr style=\"color: #000000;\">\n<td width=\"90\"><strong>16\/01 &#8211; 23\/01<br \/>\n<\/strong><\/td>\n<td>3480<\/td>\n<td>4440<\/td>\n<td>5930<\/td>\n<\/tr>\n<tr style=\"color: #000000;\">\n<td width=\"90\"><strong>23\/01 &#8211; 30\/01<\/strong><\/td>\n<td>3480<\/td>\n<td>4440<\/td>\n<td>5930<\/td>\n<\/tr>\n<tr style=\"color: #000000;\">\n<td width=\"90\"><strong>30\/01 &#8211; 06\/02<br \/>\n<\/strong><\/td>\n<td>3730<\/td>\n<td>4670<\/td>\n<td>6700<\/td>\n<\/tr>\n<tr style=\"color: #000000;\">\n<td width=\"90\"><strong>06\/02 &#8211; 13\/02<br \/>\n<\/strong><\/td>\n<td>5640<\/td>\n<td>7030<\/td>\n<td>9400<\/td>\n<\/tr>\n<tr style=\"color: #000000;\">\n<td width=\"90\"><strong>13\/02 &#8211; 20\/02<br \/>\n<\/strong><\/td>\n<td>5640<\/td>\n<td>7030<\/td>\n<td>9400<\/td>\n<\/tr>\n<tr style=\"color: #000000;\">\n<td width=\"90\"><strong>20\/02 &#8211; 27\/02<\/strong><\/td>\n<td>5640<\/td>\n<td>7030<\/td>\n<td>9400<\/td>\n<\/tr>\n<tr style=\"color: #000000;\">\n<td width=\"90\"><strong>27\/02 &#8211; 06\/03<br \/>\n<\/strong><\/td>\n<td>5640<\/td>\n<td>7030<\/td>\n<td>9400<\/td>\n<\/tr>\n<tr style=\"color: #000000;\">\n<td width=\"90\"><strong>06\/03 &#8211; 13\/03<br \/>\n<\/strong><\/td>\n<td>3820<\/td>\n<td>4770<\/td>\n<td>6850<\/td>\n<\/tr>\n<tr style=\"color: #000000;\">\n<td width=\"90\"><strong>13\/03 &#8211; 20\/03<br \/>\n<\/strong><\/td>\n<td>3480<\/td>\n<td>4440<\/td>\n<td>6400<\/td>\n<\/tr>\n<tr style=\"color: #000000;\">\n<td width=\"90\"><strong>20\/03 &#8211; 27\/03<br \/>\n<\/strong><\/td>\n<td>3300<\/td>\n<td>4160<\/td>\n<td>6000<\/td>\n<\/tr>\n<tr style=\"color: #000000;\">\n<td width=\"90\"><strong>27\/03 &#8211; 03\/04<br \/>\n<\/strong><\/td>\n<td>4230<\/td>\n<td>4440<\/td>\n<td>7030<\/td>\n<\/tr>\n<tr style=\"color: #000000;\">\n<td width=\"90\"><strong>03\/04 &#8211; 10\/04<br \/>\n<\/strong><\/td>\n<td>4230<\/td>\n<td>4440<\/td>\n<td>7030<\/td>\n<\/tr>\n<tr style=\"color: #000000;\">\n<td width=\"90\"><strong>10\/04 &#8211; 17\/04<br \/>\n<\/strong><\/td>\n<td>2450<\/td>\n<td>3060<\/td>\n<td>4090<\/td>\n<\/tr>\n<tr style=\"color: #000000;\">\n<td width=\"90\"><\/td>\n<td><\/td>\n<td><\/td>\n<td><\/td>\n<\/tr>\n<\/tbody>\n<\/table>\n<p>[\/vc_column_text][\/vc_column][vc_column width=&#8221;1\/2&#8243;][\/vc_column][\/vc_row][vc_row css_animation=&#8221;&#8221; row_type=&#8221;row&#8221; use_row_as_full_screen_section=&#8221;no&#8221; type=&#8221;full_width&#8221; angled_section=&#8221;no&#8221; text_align=&#8221;left&#8221; background_image_as_pattern=&#8221;without_pattern&#8221;][vc_column width=&#8221;1\/2&#8243;][vc_separator type=&#8221;transparent&#8221; thickness=&#8221;10&#8243;]<a  itemprop=\"url\" href=\"https:\/\/leplanica.com\/en\/wp-content\/uploads\/2026\/04\/Tarifs-Hiver-2027.pdf\" target=\"_blank\"  class=\"qbutton  default\" style=\"\">T\u00e9l\u00e9charger les tarifs Hiver en PDF<i class=\"qode_icon_font_awesome fa fa-download qode_button_icon_element\"><\/i><\/a>[\/vc_column][vc_column width=&#8221;1\/2&#8243;][vc_separator type=&#8221;transparent&#8221; thickness=&#8221;10&#8243;]<a  itemprop=\"url\" href=\"https:\/\/leplanica.com\/en\/wp-content\/uploads\/2023\/04\/Conditions-generale-de-location.pdf\" target=\"_blank\"  class=\"qbutton  default\" style=\"\">Conditions g\u00e9n\u00e9rales de vente<i class=\"qode_icon_font_awesome fa fa-download qode_button_icon_element\"><\/i><\/a>[\/vc_column][\/vc_row][vc_row css_animation=&#8221;&#8221; row_type=&#8221;row&#8221; use_row_as_full_screen_section=&#8221;no&#8221; type=&#8221;full_width&#8221; angled_section=&#8221;no&#8221; text_align=&#8221;left&#8221; background_image_as_pattern=&#8221;without_pattern&#8221;][vc_column][vc_separator type=&#8221;normal&#8221; color=&#8221;#000000&#8243; up=&#8221;30&#8243;][vc_column_text]<\/p>\n<h2><span data-type=\"normal\"  class=\"qode_icon_shortcode  q_font_awsome_icon   \" style=\" \"><i class=\"qode_icon_font_awesome fa fa-eur qode_icon_element\" style=\"font-size: 30px;\" ><\/i><\/span> \u00a0Tarifs\u00a0\u00e9t\u00e9<\/h2>\n<p>[\/vc_column_text][vc_separator type=&#8221;transparent&#8221;][\/vc_column][\/vc_row][vc_row css_animation=&#8221;&#8221; row_type=&#8221;row&#8221; use_row_as_full_screen_section=&#8221;no&#8221; type=&#8221;full_width&#8221; angled_section=&#8221;no&#8221; text_align=&#8221;left&#8221; background_image_as_pattern=&#8221;without_pattern&#8221; background_color=&#8221;#69b270&#8243;][vc_column width=&#8221;1\/2&#8243;][vc_column_text css=&#8221;&#8221;]<\/p>\n<table style=\"height: 530px;\" border=\"2\" width=\"100%\">\n<tbody>\n<tr style=\"color: #ffffff;\">\n<td><span style=\"color: #ffffff;\"><strong>Prices <\/strong>Summer 2026<br \/>\n(<em>EUROS<\/em>)<\/span><\/td>\n<td><span style=\"color: #ffffff;\">#6 2pi\u00e8ces2-4pers<\/span><\/td>\n<td><span style=\"color: #ffffff;\">#7 3pi\u00e8ces4-5pers<\/span><\/td>\n<td><span style=\"color: #ffffff;\">#4 3pi\u00e8ces6pers<\/span><\/td>\n<\/tr>\n<tr style=\"color: #000000;\">\n<td><strong>04\/07 \u2013 11\/07<\/strong><\/td>\n<td>545<\/td>\n<td>685<\/td>\n<td>780<\/td>\n<\/tr>\n<tr style=\"color: #000000;\">\n<td><strong>11\/07 \u2013 18\/07<\/strong><\/td>\n<td>545<\/td>\n<td>685<\/td>\n<td>780<\/td>\n<\/tr>\n<tr style=\"color: #000000;\">\n<td><strong>18\/07 \u2013 25\/07<\/strong><\/td>\n<td>545<\/td>\n<td>685<\/td>\n<td>780<\/td>\n<\/tr>\n<tr style=\"color: #000000;\">\n<td><strong>25\/07\u00a0 \u2013 01\/08<br \/>\n<\/strong><\/td>\n<td>620<\/td>\n<td>760<\/td>\n<td>815<\/td>\n<\/tr>\n<tr style=\"color: #000000;\">\n<td><strong>01\/08 \u2013 08\/08<\/strong><\/td>\n<td>645<\/td>\n<td>780<\/td>\n<td>875<\/td>\n<\/tr>\n<tr style=\"color: #000000;\">\n<td><strong>08\/08 \u2013 15\/08<\/strong><\/td>\n<td>645<\/td>\n<td>780<\/td>\n<td>875<\/td>\n<\/tr>\n<tr style=\"color: #000000;\">\n<td><strong>15\/08 \u2013 22\/08<\/strong><\/td>\n<td>620<\/td>\n<td>760<\/td>\n<td>815<\/td>\n<\/tr>\n<tr style=\"color: #000000;\">\n<td><strong>\u00a0<\/strong><\/td>\n<td><\/td>\n<td><\/td>\n<td><\/td>\n<\/tr>\n<\/tbody>\n<\/table>\n<p>[\/vc_column_text][vc_separator type=&#8221;transparent&#8221;][\/vc_column][vc_column width=&#8221;1\/2&#8243;][vc_column_text css=&#8221;&#8221;]<\/p>\n<table style=\"height: 530px;\" border=\"2\" width=\"100%\">\n<tbody>\n<tr style=\"color: #ffffff;\">\n<td><span style=\"color: #ffffff;\">prices summer 2026<br \/>\n(<em>EUROS<\/em>)<\/span><\/td>\n<td><span style=\"color: #ffffff;\">#9 4pi\u00e8ces6 pers<\/span><\/td>\n<td><span style=\"color: #ffffff;\">#9 5pi\u00e8ces8 pers<\/span><\/td>\n<td><span style=\"color: #ffffff;\">#9 5pi\u00e8ces10 pers<\/span><\/td>\n<\/tr>\n<tr style=\"color: #000000;\">\n<td><strong>04\/07 \u2013 11\/07<\/strong><\/td>\n<td>845<\/td>\n<td>1100<\/td>\n<td>1320<\/td>\n<\/tr>\n<tr style=\"color: #000000;\">\n<td><strong>11\/07 \u2013 18\/07<\/strong><\/td>\n<td>845<\/td>\n<td>1100<\/td>\n<td>1320<\/td>\n<\/tr>\n<tr style=\"color: #000000;\">\n<td><strong>18\/07 \u2013 25\/07<\/strong><\/td>\n<td>845<\/td>\n<td>1100<\/td>\n<td>1320<\/td>\n<\/tr>\n<tr style=\"color: #000000;\">\n<td><strong>25\/07\u00a0 \u2013 01\/08<br \/>\n<\/strong><\/td>\n<td>875<\/td>\n<td>1120<\/td>\n<td>1400<\/td>\n<\/tr>\n<tr style=\"color: #000000;\">\n<td><strong>01\/08 \u2013 08\/08<\/strong><\/td>\n<td>945<\/td>\n<td>1275<\/td>\n<td>1460<\/td>\n<\/tr>\n<tr style=\"color: #000000;\">\n<td><strong>08\/08 \u2013 15\/08<\/strong><\/td>\n<td>945<\/td>\n<td>1275<\/td>\n<td>1460<\/td>\n<\/tr>\n<tr style=\"color: #000000;\">\n<td><strong>15\/08 \u2013 22\/08<\/strong><\/td>\n<td>875<\/td>\n<td>1120<\/td>\n<td>1400<\/td>\n<\/tr>\n<tr style=\"color: #000000;\">\n<td><strong>\u00a0<\/strong><\/td>\n<td><\/td>\n<td><\/td>\n<td><\/td>\n<\/tr>\n<\/tbody>\n<\/table>\n<p>[\/vc_column_text][\/vc_column][\/vc_row][vc_row css_animation=&#8221;&#8221; row_type=&#8221;row&#8221; use_row_as_full_screen_section=&#8221;no&#8221; type=&#8221;full_width&#8221; angled_section=&#8221;no&#8221; text_align=&#8221;left&#8221; background_image_as_pattern=&#8221;without_pattern&#8221; background_color=&#8221;#69b270&#8243;][vc_column width=&#8221;1\/2&#8243;][vc_column_text css=&#8221;&#8221;]<\/p>\n<table style=\"height: 530px;\" border=\"2\" width=\"100%\">\n<tbody>\n<tr style=\"color: #ffffff;\">\n<td><span style=\"color: #ffffff;\"><span style=\"color: #ff0000;\"><span style=\"color: #ffffff;\"><strong>Prices <\/strong>summer 2026<br \/>\n(<em>EUROS<\/em><\/span><\/span>)<\/span><\/td>\n<td><span style=\"color: #ffffff;\">#5 6pi\u00e8ces10pers<\/span><\/td>\n<td><span style=\"color: #ffffff;\">#8 6pi\u00e8ces12pers<\/span><\/td>\n<td><span style=\"color: #ffffff;\">#3 6pi\u00e8ces12pers<\/span><\/td>\n<\/tr>\n<tr style=\"color: #000000;\">\n<td><strong>04\/07 \u2013 11\/07<\/strong><\/td>\n<td>1350<\/td>\n<td>1610<\/td>\n<td>1610<\/td>\n<\/tr>\n<tr style=\"color: #000000;\">\n<td><strong>11\/07 \u2013 18\/07<\/strong><\/td>\n<td>1350<\/td>\n<td>1610<\/td>\n<td>1610<\/td>\n<\/tr>\n<tr style=\"color: #000000;\">\n<td><strong>18\/07 \u2013 25\/07<\/strong><\/td>\n<td>1350<\/td>\n<td>1610<\/td>\n<td>1610<\/td>\n<\/tr>\n<tr style=\"color: #000000;\">\n<td><strong>25\/07\u00a0 \u2013 01\/08<br \/>\n<\/strong><\/td>\n<td>1460<\/td>\n<td>1660<\/td>\n<td>1660<\/td>\n<\/tr>\n<tr style=\"color: #000000;\">\n<td><strong>01\/08 \u2013 08\/08<\/strong><\/td>\n<td>1525<\/td>\n<td>1730<\/td>\n<td>1730<\/td>\n<\/tr>\n<tr style=\"color: #000000;\">\n<td><strong>08\/08 \u2013 15\/08<\/strong><\/td>\n<td>1525<\/td>\n<td>1730<\/td>\n<td>1730<\/td>\n<\/tr>\n<tr style=\"color: #000000;\">\n<td><strong>15\/08 \u2013 22\/08<\/strong><\/td>\n<td>1460<\/td>\n<td>1660<\/td>\n<td>1660<\/td>\n<\/tr>\n<tr style=\"color: #000000;\">\n<td><strong>\u00a0<\/strong><\/td>\n<td><\/td>\n<td><\/td>\n<td><\/td>\n<\/tr>\n<\/tbody>\n<\/table>\n<p>[\/vc_column_text][vc_separator type=&#8221;transparent&#8221;][\/vc_column][vc_column width=&#8221;1\/2&#8243;][vc_column_text css=&#8221;&#8221;]<\/p>\n<table style=\"height: 530px;\" border=\"2\" width=\"100%\">\n<tbody>\n<tr style=\"color: #ffffff;\">\n<td><span style=\"color: #ffffff;\"><span style=\"color: #ff0000;\"><span style=\"color: #ffffff;\"><strong>Prices <\/strong>summer 2026<br \/>\n(<em>EUROS<\/em><\/span><\/span>)<\/span><\/td>\n<td><span style=\"color: #ffffff;\">#8 7pi\u00e8ces15 pers<\/span><\/td>\n<td><span style=\"color: #ffffff;\">#2 11pi\u00e8ces20 pers<\/span><\/td>\n<td><\/td>\n<\/tr>\n<tr style=\"color: #000000;\">\n<td><strong>04\/07 \u2013 11\/07<\/strong><\/td>\n<td>1935<\/td>\n<td>2575<\/td>\n<td><\/td>\n<\/tr>\n<tr style=\"color: #000000;\">\n<td><strong>11\/07 \u201318\/07<\/strong><\/td>\n<td>1935<\/td>\n<td>2575<\/td>\n<td><\/td>\n<\/tr>\n<tr style=\"color: #000000;\">\n<td><strong>18\/07 \u2013 25\/07<\/strong><\/td>\n<td>1935<\/td>\n<td>2575<\/td>\n<td><\/td>\n<\/tr>\n<tr style=\"color: #000000;\">\n<td><strong>25\/07\u00a0 \u2013 01\/08<br \/>\n<\/strong><\/td>\n<td>2035<\/td>\n<td>2680<\/td>\n<td><\/td>\n<\/tr>\n<tr style=\"color: #000000;\">\n<td><strong>01\/08 \u2013 08\/08<\/strong><\/td>\n<td>2160<\/td>\n<td>2885<\/td>\n<td><\/td>\n<\/tr>\n<tr style=\"color: #000000;\">\n<td><strong>08\/08 \u2013 15\/08<\/strong><\/td>\n<td>2160<\/td>\n<td>2885<\/td>\n<td><\/td>\n<\/tr>\n<tr style=\"color: #000000;\">\n<td><strong>15\/08 \u2013 22\/08<\/strong><\/td>\n<td>2035<\/td>\n<td>2680<\/td>\n<td><\/td>\n<\/tr>\n<tr style=\"color: #000000;\">\n<td><strong>\u00a0<\/strong><\/td>\n<td><\/td>\n<td><\/td>\n<td><\/td>\n<\/tr>\n<\/tbody>\n<\/table>\n<p>[\/vc_column_text][\/vc_column][\/vc_row][vc_row css_animation=&#8221;&#8221; row_type=&#8221;row&#8221; use_row_as_full_screen_section=&#8221;no&#8221; type=&#8221;full_width&#8221; angled_section=&#8221;no&#8221; text_align=&#8221;left&#8221; background_image_as_pattern=&#8221;without_pattern&#8221;][vc_column width=&#8221;1\/2&#8243;][vc_separator type=&#8221;transparent&#8221; thickness=&#8221;10&#8243;]<a  itemprop=\"url\" href=\"https:\/\/leplanica.com\/en\/wp-content\/uploads\/2026\/01\/tarif-ete-2026.pdf\" target=\"_self\"  class=\"qbutton  default\" style=\"\">T\u00e9l\u00e9charger les tarifs Ete en PDF<i class=\"qode_icon_font_awesome fa fa-download qode_button_icon_element\"><\/i><\/a>[\/vc_column][vc_column width=&#8221;1\/2&#8243;][vc_separator type=&#8221;transparent&#8221; thickness=&#8221;10&#8243;]<a  itemprop=\"url\" href=\"https:\/\/leplanica.com\/en\/wp-content\/uploads\/2019\/01\/Conditions-generale-de-location.pdf\" target=\"_blank\"  class=\"qbutton  default\" style=\"\">Conditions g\u00e9n\u00e9rales de vente<i class=\"qode_icon_font_awesome fa fa-download qode_button_icon_element\"><\/i><\/a>[\/vc_column][\/vc_row][vc_row css_animation=&#8221;&#8221; row_type=&#8221;row&#8221; use_row_as_full_screen_section=&#8221;no&#8221; type=&#8221;full_width&#8221; angled_section=&#8221;no&#8221; text_align=&#8221;left&#8221; background_image_as_pattern=&#8221;without_pattern&#8221;][vc_column][vc_separator type=&#8221;transparent&#8221; thickness=&#8221;30&#8243;][vc_column_text]<\/p>\n<h2><span data-type=\"normal\"  class=\"qode_icon_shortcode  q_font_awsome_icon   \" style=\" \"><i class=\"qode_icon_font_awesome fa fa-eur qode_icon_element\" style=\"font-size: 30px;\" ><\/i><\/span> \u00a0Services optionnels<\/h2>\n<p>[vc_separator type=&#8217;transparent&#8217; position=&#8217;center&#8217; color=&#8221; thickness=&#8221; up=&#8221; down=&#8221;]<\/p>\n<p>Housse de couette = 8\u20ac<br \/>\nDrap de lit = 8\u20ac pour 1 ou 2 personnes<br \/>\nServiettes de bain = 12\u20ac pour 2 (1 petite \/ 1 grande)<\/p>\n<p>Chien \/ Chat : 60\u20ac \/ semaine<\/p>\n<p>Petit d\u00e9jeuner = 15\u20ac \/pers \/jour<\/p>\n<p>(Sur r\u00e9servation uniquement)<\/p>\n<p>Nettoyage de fin de s\u00e9jour :<\/p>\n<ul>\n<li>70\u20ac pour appartements #6 &amp; 7<\/li>\n<li>85\u20ac pour appartements #1 &amp; 4<\/li>\n<li>150\u20ac pour appartements #9<\/li>\n<li>190\u20ac pour appartment # 3, 5 &amp; 8 (12 personnes)<\/li>\n<li>225\u20ac pour appartment # 8 (15 personnes)<\/li>\n<li>320\u20ac pour appartement #2<\/li>\n<\/ul>\n<p>Perte de clefs : 20\u20ac[\/vc_column_text][vc_separator type=&#8221;transparent&#8221;][\/vc_column][\/vc_row]<\/p>\n<\/div>","protected":false},"excerpt":{"rendered":"<p>[vc_row css_animation=&#8221;&#8221; row_type=&#8221;row&#8221; use_row_as_full_screen_section=&#8221;no&#8221; type=&#8221;full_width&#8221; angled_section=&#8221;no&#8221; text_align=&#8221;left&#8221; background_image_as_pattern=&#8221;without_pattern&#8221;][vc_column][vc_column_text]Les tarifs comprennent la location de l&#8217;appartement (toutes charges comprises), l&#8217;acc\u00e8s illimit\u00e9 \u00e0 l&#8217;espace priv\u00e9 piscine baln\u00e9o et les places de garage \u00e0 l&#8217;int\u00e9rieur de la r\u00e9sidence. Taxe de s\u00e9jour en sus: 1.87\u20ac\/nuit \/adulte. Arriv\u00e9e samedi \u00e0 partir&#8230;<\/p>\n","protected":false},"author":4,"featured_media":0,"parent":0,"menu_order":0,"comment_status":"open","ping_status":"closed","template":"","meta":{"footnotes":""},"class_list":["post-17908","page","type-page","status-publish","hentry"],"_links":{"self":[{"href":"https:\/\/leplanica.com\/en\/wp-json\/wp\/v2\/pages\/17908","targetHints":{"allow":["GET"]}}],"collection":[{"href":"https:\/\/leplanica.com\/en\/wp-json\/wp\/v2\/pages"}],"about":[{"href":"https:\/\/leplanica.com\/en\/wp-json\/wp\/v2\/types\/page"}],"author":[{"embeddable":true,"href":"https:\/\/leplanica.com\/en\/wp-json\/wp\/v2\/users\/4"}],"replies":[{"embeddable":true,"href":"https:\/\/leplanica.com\/en\/wp-json\/wp\/v2\/comments?post=17908"}],"version-history":[{"count":3,"href":"https:\/\/leplanica.com\/en\/wp-json\/wp\/v2\/pages\/17908\/revisions"}],"predecessor-version":[{"id":18400,"href":"https:\/\/leplanica.com\/en\/wp-json\/wp\/v2\/pages\/17908\/revisions\/18400"}],"wp:attachment":[{"href":"https:\/\/leplanica.com\/en\/wp-json\/wp\/v2\/media?parent=17908"}],"curies":[{"name":"wp","href":"https:\/\/api.w.org\/{rel}","templated":true}]}}