{"id":15694,"date":"2014-05-12T09:15:44","date_gmt":"2014-05-12T09:15:44","guid":{"rendered":"http:\/\/demo.qodeinteractive.com\/bridge5\/?page_id=15694"},"modified":"2022-06-01T11:03:44","modified_gmt":"2022-06-01T11:03:44","slug":"chalet-le-planica-location-appartements-la-rosiere","status":"publish","type":"page","link":"https:\/\/leplanica.com\/en\/","title":{"rendered":"Chalet Le Planica &#8211; Apartments rental with swimming-pool in La Rosi\u00e8re 1850"},"content":{"rendered":"<div class=\"wpb-content-wrapper\"><p>[vc_row css_animation=&#8221;&#8221; row_type=&#8221;row&#8221; use_row_as_full_screen_section=&#8221;no&#8221; type=&#8221;grid&#8221; angled_section=&#8221;no&#8221; text_align=&#8221;left&#8221; background_image_as_pattern=&#8221;without_pattern&#8221; anchor=&#8221;portfolio&#8221; background_color=&#8221;#ffffff&#8221; padding_top=&#8221;58&#8243; padding_bottom=&#8221;0&#8243;][vc_column][vc_column_text]<\/p>\n<h2 style=\"text-align: center;\"><span data-type=\"normal\"  class=\"qode_icon_shortcode  q_font_awsome_icon   \" style=\" \"><i class=\"qode_icon_font_awesome fa fa-heart-o qode_icon_element\" style=\"font-size: 30px;\" ><\/i><\/span>\u00a0WELCOME HOME<\/h2>\n<p>[\/vc_column_text][vc_separator type=&#8221;transparent&#8221; thickness=&#8221;50&#8243; up=&#8221;0&#8243; down=&#8221;0&#8243;][vc_row_inner row_type=&#8221;row&#8221; type=&#8221;full_width&#8221; text_align=&#8221;left&#8221; css_animation=&#8221;&#8221;][vc_column_inner width=&#8221;1\/3&#8243;][vc_single_image image=&#8221;17755&#8243; img_size=&#8221;full&#8221; qode_css_animation=&#8221;element_from_fade&#8221; transition_delay=&#8221;0.3&#8243;][vc_separator type=&#8221;transparent&#8221; up=&#8221;25&#8243; down=&#8221;8&#8243;][vc_column_text]<\/p>\n<h3 style=\"text-align: center;\">CHARMING RESIDENCE<\/h3>\n<p>[\/vc_column_text][vc_separator type=&#8221;transparent&#8221; up=&#8221;11&#8243; down=&#8221;0&#8243;][vc_column_text]<\/p>\n<p style=\"text-align: center;\">Le Planica, a delightful residence located in the mountain village of La Rosiere,\u00a0is a natural wood and stone style chalet, built respecting the local architectural style. The chalet offers a range of cosy, modern and spacious apartments for up to 15 people, a great place to spend Christmas with the family or holidaying with friends. Le Planica offers a warm welcome, a real home from home in the beautiful mountain resort of La Rosiere.<\/p>\n<p>[\/vc_column_text][vc_separator type=&#8221;transparent&#8221; up=&#8221;18&#8243; down=&#8221;0&#8243;][vc_separator type=&#8221;transparent&#8221; up=&#8221;63&#8243; down=&#8221;0&#8243;][\/vc_column_inner][vc_column_inner width=&#8221;1\/3&#8243;][vc_single_image image=&#8221;17756&#8243; img_size=&#8221;full&#8221; qode_css_animation=&#8221;element_from_fade&#8221; transition_delay=&#8221;0.6&#8243;][vc_separator type=&#8221;transparent&#8221; up=&#8221;25&#8243; down=&#8221;8&#8243;][vc_column_text]<\/p>\n<h3 style=\"text-align: center;\">AT THE FOOT OF THE SLOPES<\/h3>\n<p>[\/vc_column_text][vc_separator type=&#8221;transparent&#8221; up=&#8221;11&#8243; down=&#8221;0&#8243;][vc_column_text]<\/p>\n<p style=\"text-align: center;\">Close at hand, at the foot of the slopes with easy access, Le Planica is next to the lifts, ski schools and children\u2019s ski area.After a hard day on the piste or a day just soaking up the mountain atmosphere you will appreciate the precious moments relaxing with family and friends in the spa area.\u00a0 Comprising of a heated swimming pool, spa bath, sauna and steam room, it is a place to unwind and take it easy.<\/p>\n<p>[\/vc_column_text][vc_separator type=&#8221;transparent&#8221; up=&#8221;18&#8243; down=&#8221;0&#8243;][vc_separator type=&#8221;transparent&#8221; up=&#8221;63&#8243; down=&#8221;0&#8243;][\/vc_column_inner][vc_column_inner width=&#8221;1\/3&#8243;][vc_single_image image=&#8221;17757&#8243; img_size=&#8221;full&#8221; qode_css_animation=&#8221;element_from_fade&#8221; transition_delay=&#8221;0.9&#8243;][vc_separator type=&#8221;transparent&#8221; up=&#8221;25&#8243; down=&#8221;8&#8243;][vc_column_text]<\/p>\n<h3 style=\"text-align: center;\">SOUTH FACING VIEWS<\/h3>\n<p>[\/vc_column_text][vc_separator type=&#8221;transparent&#8221; up=&#8221;11&#8243; down=&#8221;0&#8243;][vc_column_text]<\/p>\n<p style=\"text-align: center;\">Situated in the quiet neighbourhood of Manessier, close to the mountain fields covered in beautiful flowers and forests, Le Planica is in an ideal spot to start your walks, adventures on a mountain bike or visiting the area with the family or with friends.\u00a0 Take part in the different activities within the village or just simply sunning yourself on the swimming pool terrace, a summer mountain holiday is for you.<\/p>\n<p>[\/vc_column_text][vc_separator type=&#8221;transparent&#8221; up=&#8221;18&#8243; down=&#8221;0&#8243;][vc_separator type=&#8221;transparent&#8221; up=&#8221;63&#8243; down=&#8221;0&#8243;][\/vc_column_inner][\/vc_row_inner][\/vc_column][\/vc_row][vc_row row_type=&#8221;parallax&#8221; parallax_content_width=&#8221;in_grid&#8221; text_align=&#8221;center&#8221; full_screen_section_height=&#8221;no&#8221; background_image=&#8221;17798&#8243; section_height=&#8221;400&#8243;][vc_column][vc_empty_space height=&#8221;100px&#8221;]<div class=\"q_box_holder with_icon\" style=\"background-color: rgba(0,0,0,0.51);\"><div class=\"box_holder_icon\"><div class=\"box_holder_icon_inner medium circle q_icon_animation\" style=\"\"><span data-icon-type=\"circle\" class=\"qode_iwt_icon_holder fa-stack fa-3x  \" style=\"background-color: #4b8cf0\"><i class=\"qode_icon_font_awesome fa fa-camera qode_iwt_icon_element\" style=\"color: #ffffff\"><\/i><\/span><\/div><\/div><div class=\"box_holder_inner medium center\"><h5 class=\"icon_title\" style=\"color: #ffffff;\"><\/h5><span class=\"separator transparent\" style=\"margin: 8px 0;\"><\/span><p style=\"color: #ffffff\">Thanks to our Webcam HD in winter and summer, check out the stunning views from the balcony of your apartment, as well as the snow conditions on the slopes and kinder gardens.<\/p><\/div><\/div>[vc_empty_space height=&#8221;30px&#8221;]<a  itemprop=\"url\" href=\"http:\/\/app.webcam-hd.com\/rosiere-planica\/rosiere-planica_hotel\" target=\"_blank\" data-hover-background-color=\"#4b8cf0\" class=\"qbutton  medium default\" style=\"font-weight: 600; background-color:#ffffff;\">See our Webcam<\/a>[\/vc_column][\/vc_row][vc_row css_animation=&#8221;&#8221; row_type=&#8221;row&#8221; use_row_as_full_screen_section=&#8221;no&#8221; type=&#8221;full_width&#8221; angled_section=&#8221;no&#8221; text_align=&#8221;left&#8221; background_image_as_pattern=&#8221;without_pattern&#8221;][vc_column][vc_separator type=&#8221;transparent&#8221; thickness=&#8221;50&#8243;][vc_column_text]<\/p>\n<h2 style=\"text-align: center;\"><span data-type=\"normal\"  class=\"qode_icon_shortcode  q_font_awsome_icon   \" style=\" \"><i class=\"qode_icon_font_awesome fa fa-comments qode_icon_element\" style=\"font-size: 30px;\" ><\/i><\/span>\u00a0NEWS FROM LE PLANICA<\/h2>\n<p>[\/vc_column_text][vc_separator type=&#8221;transparent&#8221; up=&#8221;0&#8243; down=&#8221;10&#8243;][vc_column_text]<\/p>\n<h4 style=\"text-align: center;\">And from\u00a0La Rosi\u00e8re<\/h4>\n<p>[\/vc_column_text][vc_separator type=&#8221;transparent&#8221; up=&#8221;27&#8243; down=&#8221;22&#8243;]\n<div class='latest_post_holder boxes three_columns one_row' >\n    <ul>\n    \n        <li class=\"clearfix\">\n            <div class=\"boxes_image\">\n                                <a itemprop=\"url\" href=\"https:\/\/leplanica.com\/en\/reservations-ete-2026\/\"><img loading=\"lazy\" decoding=\"async\" width=\"539\" height=\"303\" src=\"https:\/\/leplanica.com\/en\/wp-content\/uploads\/2015\/04\/le-planica-la-rosiere-1850-reservation-ete-539x303.jpg\" class=\"attachment-latest_post_boxes size-latest_post_boxes wp-post-image\" alt=\"\" \/><\/a>\n            <\/div>\n            <div class=\"latest_post\"  >\n                <div class=\"latest_post_text\">\n                    <div class=\"latest_post_inner\">\n                        <div class=\"latest_post_text_inner\">\n                            <h5 itemprop=\"name\" class=\"latest_post_title entry_title\"><a itemprop=\"url\" href=\"https:\/\/leplanica.com\/en\/reservations-ete-2026\/\">Reservations Summer 2026<\/a><\/h5>\n                            <p class=\"excerpt\">Contact us to book your Summer holiday in Planica. All of our tarifs are available here...<\/p>\n                            <span class=\"post_infos\">\n                                                                                                \n                                \n                                                            <\/span>\n                        <\/div>\n                    <\/div>\n                <\/div>\n            <\/div>\n        <\/li>\n    \n        <li class=\"clearfix\">\n            <div class=\"boxes_image\">\n                                <a itemprop=\"url\" href=\"https:\/\/leplanica.com\/en\/trail-de-la-rosiere\/\"><img loading=\"lazy\" decoding=\"async\" width=\"539\" height=\"303\" src=\"https:\/\/leplanica.com\/en\/wp-content\/uploads\/2015\/04\/le-planica-la-rosiere-1850-trail-des-moulins-539x303.jpg\" class=\"attachment-latest_post_boxes size-latest_post_boxes wp-post-image\" alt=\"\" \/><\/a>\n            <\/div>\n            <div class=\"latest_post\"  >\n                <div class=\"latest_post_text\">\n                    <div class=\"latest_post_inner\">\n                        <div class=\"latest_post_text_inner\">\n                            <h5 itemprop=\"name\" class=\"latest_post_title entry_title\"><a itemprop=\"url\" href=\"https:\/\/leplanica.com\/en\/trail-de-la-rosiere\/\">Trail de La Rosi\u00e8re<\/a><\/h5>\n                            <p class=\"excerpt\">Video of the Trail of La Rosiere 2016...<\/p>\n                            <span class=\"post_infos\">\n                                                                                                \n                                \n                                                            <\/span>\n                        <\/div>\n                    <\/div>\n                <\/div>\n            <\/div>\n        <\/li>\n    \n        <li class=\"clearfix\">\n            <div class=\"boxes_image\">\n                                <a itemprop=\"url\" href=\"https:\/\/leplanica.com\/en\/les-activites-dete-a-la-rosiere\/\"><img loading=\"lazy\" decoding=\"async\" width=\"539\" height=\"303\" src=\"https:\/\/leplanica.com\/en\/wp-content\/uploads\/2015\/04\/video-la-rosiere-539x303.jpg\" class=\"attachment-latest_post_boxes size-latest_post_boxes wp-post-image\" alt=\"\" \/><\/a>\n            <\/div>\n            <div class=\"latest_post\"  >\n                <div class=\"latest_post_text\">\n                    <div class=\"latest_post_inner\">\n                        <div class=\"latest_post_text_inner\">\n                            <h5 itemprop=\"name\" class=\"latest_post_title entry_title\"><a itemprop=\"url\" href=\"https:\/\/leplanica.com\/en\/les-activites-dete-a-la-rosiere\/\">Les activit\u00e9s d&#8217;\u00e9t\u00e9 \u00e0 La Rosi\u00e8re<\/a><\/h5>\n                            <p class=\"excerpt\">D\u00e9couvrez en un petit film, une partie des activit\u00e9s qui vous sont propos\u00e9es pendant vos vacances \u00e0 La Rosi\u00e8re !...<\/p>\n                            <span class=\"post_infos\">\n                                                                                                \n                                \n                                                            <\/span>\n                        <\/div>\n                    <\/div>\n                <\/div>\n            <\/div>\n        <\/li>\n        <\/ul>\n<\/div>[vc_separator type=&#8221;transparent&#8221; thickness=&#8221;50&#8243;][\/vc_column][\/vc_row][vc_row row_type=&#8221;parallax&#8221; parallax_content_width=&#8221;in_grid&#8221; text_align=&#8221;left&#8221; full_screen_section_height=&#8221;no&#8221; background_image=&#8221;17877&#8243; section_height=&#8221;400&#8243;][vc_column][vc_column_text]<br \/>\n[\/vc_column_text][\/vc_column][\/vc_row][vc_row css_animation=&#8221;&#8221; row_type=&#8221;row&#8221; use_row_as_full_screen_section=&#8221;no&#8221; type=&#8221;grid&#8221; angled_section=&#8221;no&#8221; text_align=&#8221;left&#8221; background_image_as_pattern=&#8221;without_pattern&#8221; anchor=&#8221;portfolio&#8221; background_color=&#8221;#ffffff&#8221; padding_top=&#8221;78&#8243; padding_bottom=&#8221;0&#8243;][vc_column][vc_column_text]<\/p>\n<h2 style=\"text-align: center;\">THE\u00a0<span data-type=\"normal\"  class=\"qode_icon_shortcode  q_font_awsome_icon   q_icon_animation\" style=\" \"><i class=\"qode_icon_font_awesome fa fa-plus-square-o qode_icon_element\" style=\"font-size: 30px;\" ><\/i><\/span> OF LE\u00a0PLANICA<\/h2>\n<p>[\/vc_column_text][vc_separator type=&#8221;transparent&#8221; up=&#8221;0&#8243; down=&#8221;10&#8243;][vc_column_text]<\/p>\n<h4 style=\"text-align: center;\">Which make all the difference for your holidays<\/h4>\n<p>[\/vc_column_text][vc_separator type=&#8221;transparent&#8221; up=&#8221;27&#8243; down=&#8221;22&#8243;][vc_row_inner row_type=&#8221;row&#8221; type=&#8221;full_width&#8221; text_align=&#8221;left&#8221; css_animation=&#8221;&#8221;][vc_column_inner width=&#8221;1\/3&#8243;][vc_single_image image=&#8221;17862&#8243; img_size=&#8221;full&#8221; qode_css_animation=&#8221;element_from_fade&#8221; transition_delay=&#8221;0.3&#8243;][vc_separator type=&#8221;transparent&#8221; up=&#8221;25&#8243; down=&#8221;8&#8243;][vc_column_text]<\/p>\n<h3 style=\"text-align: center;\"><span data-type=\"normal\"  class=\"qode_icon_shortcode  q_font_awsome_icon   \" style=\" \"><i class=\"qode_icon_font_awesome fa fa-map-marker qode_icon_element\" style=\"font-size: 30px;\" ><\/i><\/span>\u00a0SITUATION<\/h3>\n<p>[\/vc_column_text][vc_separator type=&#8221;transparent&#8221; up=&#8221;11&#8243; down=&#8221;0&#8243;][vc_column_text]<\/p>\n<p style=\"text-align: center;\">Nestled in the quiet neighbourhood of Manessier at the foot of the slopes, it is in a perfect position to ski in and out and to have direct access to the children\u2019s ski area.<span class=\"Apple-converted-space\">\u00a0 <\/span>Just a stones throw away from the resort centre and shops, and all the village amenities.<span class=\"Apple-converted-space\">\u00a0 <\/span>The residence is a perfect sun trap with its south facing perspective.<\/p>\n<p style=\"text-align: center;\">[vc_separator type=&#8217;transparent&#8217; position=&#8217;center&#8217; color=&#8221; thickness=&#8221; up=&#8221; down=&#8221;]<\/p>\n<p style=\"text-align: center;\"><a  itemprop=\"url\" href=\"https:\/\/leplanica.com\/en\/access-location-la-rosiere\/\" target=\"_self\"  class=\"qbutton  small center default\" style=\"\">Where we are<\/a><\/p>\n<p>[\/vc_column_text][vc_separator type=&#8221;transparent&#8221; up=&#8221;18&#8243; down=&#8221;0&#8243;][\/vc_column_inner][vc_column_inner width=&#8221;1\/3&#8243;][vc_single_image image=&#8221;17859&#8243; img_size=&#8221;full&#8221; qode_css_animation=&#8221;element_from_fade&#8221; transition_delay=&#8221;0.6&#8243;][vc_separator type=&#8221;transparent&#8221; up=&#8221;25&#8243; down=&#8221;8&#8243;][vc_column_text]<\/p>\n<h3 style=\"text-align: center;\"><span data-type=\"normal\"  class=\"qode_icon_shortcode  q_font_awsome_icon   \" style=\" \"><i class=\"qode_icon_font_awesome fa fa-heart qode_icon_element\" style=\"font-size: 30px;\" ><\/i><\/span>\u00a0WELCOME<\/h3>\n<p>[\/vc_column_text][vc_separator type=&#8221;transparent&#8221; up=&#8221;11&#8243; down=&#8221;0&#8243;][vc_column_text]<\/p>\n<p style=\"text-align: center;\">A warm welcome awaits you at Le Planica. Nicolas, Fiona and their son Thomas are here to make your holiday as unforgettable as possible with their personal attention and advice.<\/p>\n<p style=\"text-align: center;\">[vc_separator type=&#8217;transparent&#8217; position=&#8217;center&#8217; color=&#8221; thickness=&#8221; up=&#8221; down=&#8221;]<\/p>\n<p style=\"text-align: center;\"><a  itemprop=\"url\" href=\"https:\/\/leplanica.com\/en\/le-planica-bit-of-history\/\" target=\"_self\"  class=\"qbutton  small center default\" style=\"\">Who we are<\/a><\/p>\n<p>[\/vc_column_text][vc_separator type=&#8221;transparent&#8221; up=&#8221;18&#8243; down=&#8221;0&#8243;][\/vc_column_inner][vc_column_inner width=&#8221;1\/3&#8243;][vc_single_image image=&#8221;17860&#8243; img_size=&#8221;full&#8221; qode_css_animation=&#8221;element_from_fade&#8221; transition_delay=&#8221;0.9&#8243;][vc_separator type=&#8221;transparent&#8221; up=&#8221;25&#8243; down=&#8221;8&#8243;][vc_column_text]<\/p>\n<h3 style=\"text-align: center;\"><span data-type=\"normal\"  class=\"qode_icon_shortcode  q_font_awsome_icon   \" style=\" \"><i class=\"qode_icon_font_awesome fa fa-smile-o qode_icon_element\" style=\"font-size: 30px;\" ><\/i><\/span>\u00a0SPA<\/h3>\n<p>[\/vc_column_text][vc_separator type=&#8221;transparent&#8221; up=&#8221;11&#8243; down=&#8221;0&#8243;][vc_column_text]<\/p>\n<p style=\"text-align: center;\">With its private leisure facilities, indoor heated swimming pool, sauna, steam room and spa pool, Le Planica provides an area where you can revive your aching limbs after a days skiing or walking in the mountains.\u00a0 The large windows provide a spectacular view across the valley.<\/p>\n<p style=\"text-align: center;\">[vc_separator type=&#8217;transparent&#8217; position=&#8217;center&#8217; color=&#8221; thickness=&#8221; up=&#8221; down=&#8221;]<\/p>\n<p style=\"text-align: center;\"><a  itemprop=\"url\" href=\"https:\/\/leplanica.com\/en\/swimming-pool-spa-la-rosiere\/\" target=\"_self\"  class=\"qbutton  small center default\" style=\"\">Leisure facilities<\/a><\/p>\n<p>[\/vc_column_text][vc_separator type=&#8221;transparent&#8221; up=&#8221;18&#8243; down=&#8221;0&#8243;][\/vc_column_inner][\/vc_row_inner][vc_separator type=&#8221;transparent&#8221; thickness=&#8221;50&#8243;][\/vc_column][\/vc_row]<\/p>\n<\/div>","protected":false},"excerpt":{"rendered":"<p>[vc_row css_animation=&#8221;&#8221; row_type=&#8221;row&#8221; use_row_as_full_screen_section=&#8221;no&#8221; type=&#8221;grid&#8221; angled_section=&#8221;no&#8221; text_align=&#8221;left&#8221; background_image_as_pattern=&#8221;without_pattern&#8221; anchor=&#8221;portfolio&#8221; background_color=&#8221;#ffffff&#8221; padding_top=&#8221;58&#8243; padding_bottom=&#8221;0&#8243;][vc_column][vc_column_text] \u00a0WELCOME HOME [\/vc_column_text][vc_separator type=&#8221;transparent&#8221; thickness=&#8221;50&#8243; up=&#8221;0&#8243; down=&#8221;0&#8243;][vc_row_inner row_type=&#8221;row&#8221; type=&#8221;full_width&#8221; text_align=&#8221;left&#8221; css_animation=&#8221;&#8221;][vc_column_inner width=&#8221;1\/3&#8243;][vc_single_image image=&#8221;17755&#8243; img_size=&#8221;full&#8221; qode_css_animation=&#8221;element_from_fade&#8221; transition_delay=&#8221;0.3&#8243;][vc_separator type=&#8221;transparent&#8221; up=&#8221;25&#8243; down=&#8221;8&#8243;][vc_column_text] CHARMING RESIDENCE [\/vc_column_text][vc_separator type=&#8221;transparent&#8221; up=&#8221;11&#8243; down=&#8221;0&#8243;][vc_column_text] Le Planica, a delightful residence located in the&#8230;<\/p>\n","protected":false},"author":4,"featured_media":0,"parent":0,"menu_order":0,"comment_status":"open","ping_status":"closed","template":"full_width.php","meta":{"footnotes":""},"class_list":["post-15694","page","type-page","status-publish","hentry"],"_links":{"self":[{"href":"https:\/\/leplanica.com\/en\/wp-json\/wp\/v2\/pages\/15694","targetHints":{"allow":["GET"]}}],"collection":[{"href":"https:\/\/leplanica.com\/en\/wp-json\/wp\/v2\/pages"}],"about":[{"href":"https:\/\/leplanica.com\/en\/wp-json\/wp\/v2\/types\/page"}],"author":[{"embeddable":true,"href":"https:\/\/leplanica.com\/en\/wp-json\/wp\/v2\/users\/4"}],"replies":[{"embeddable":true,"href":"https:\/\/leplanica.com\/en\/wp-json\/wp\/v2\/comments?post=15694"}],"version-history":[{"count":0,"href":"https:\/\/leplanica.com\/en\/wp-json\/wp\/v2\/pages\/15694\/revisions"}],"wp:attachment":[{"href":"https:\/\/leplanica.com\/en\/wp-json\/wp\/v2\/media?parent=15694"}],"curies":[{"name":"wp","href":"https:\/\/api.w.org\/{rel}","templated":true}]}}